{"id":8299,"date":"2021-05-21T10:48:40","date_gmt":"2021-05-21T08:48:40","guid":{"rendered":"https:\/\/hillmann-group.de\/?page_id=8299"},"modified":"2022-07-11T11:49:39","modified_gmt":"2022-07-11T09:49:39","slug":"company","status":"publish","type":"page","link":"https:\/\/hillmann-group.de\/en\/company\/","title":{"rendered":"Company"},"content":{"rendered":"\n<div class=\"wp-block-cover alignfull is-style-product-archive-hero\"><span aria-hidden=\"true\" class=\"has-background-dim-30 wp-block-cover__gradient-background has-background-dim\"><\/span><img loading=\"lazy\" decoding=\"async\" width=\"1440\" height=\"900\" class=\"wp-block-cover__image-background wp-image-6164\" alt=\"\" src=\"https:\/\/hillmann-group.de\/wp-content\/uploads\/2021\/04\/unternehmen-1.jpg\" data-object-fit=\"cover\" srcset=\"https:\/\/hillmann-group.de\/wp-content\/uploads\/2021\/04\/unternehmen-1.jpg 1440w, https:\/\/hillmann-group.de\/wp-content\/uploads\/2021\/04\/unternehmen-1-600x375.jpg 600w, https:\/\/hillmann-group.de\/wp-content\/uploads\/2021\/04\/unternehmen-1-300x188.jpg 300w, https:\/\/hillmann-group.de\/wp-content\/uploads\/2021\/04\/unternehmen-1-1024x640.jpg 1024w, https:\/\/hillmann-group.de\/wp-content\/uploads\/2021\/04\/unternehmen-1-768x480.jpg 768w\" sizes=\"auto, (max-width: 1440px) 100vw, 1440px\" \/><div class=\"wp-block-cover__inner-container is-layout-flow wp-block-cover-is-layout-flow\">\n<h1 class=\"has-text-align-center wp-block-heading\">COMPANY<\/h1>\n<\/div><\/div>\n\n\n\n<div class=\"wp-block-columns is-layout-flex wp-container-core-columns-is-layout-9d6595d7 wp-block-columns-is-layout-flex\">\n<div class=\"wp-block-column is-layout-flow wp-block-column-is-layout-flow\">\n<h1 class=\"has-text-align-center wp-block-heading\">It&#8217;s more than a company.<br>It&#8217;s an attitude.<\/h1>\n\n\n\n<p class=\"has-text-align-center\">hillmann. was founded in 1947 by Waldemar Hillmann as a company selling shoe upper leather, and since then has evolved into a corporate group that includes 3 companies. Today, hillmann. is one of the leading German distributors of finest real leather and fabrics for use in furniture, flooring, wall coverings and car interiors.<\/p>\n\n\n\n<p class=\"has-text-align-center\">Our products reflect our aspiration to always offer our customers exactly what they need to create the most exclusive, unique products. Through our long-standing experience and individual consulting services, we create products that products that fascinate in cooperation with our partners in the furniture, car, decoration and interior design sectors. &nbsp;<\/p>\n\n\n\n<p class=\"has-text-align-center\">Despite our continuous growth, we continue to focus on personal contact with every single of our customers. Individual consultation, to us, is an essential cornerstone needed to offer the best possible service and meet the specific needs of our customers. This way, we create products that attach the utmost importance to the combination of high functionality and contemporary design.<\/p>\n\n\n\n<p class=\"has-text-align-center\">Hillmann. keeps up with the times. Since 1947.<\/p>\n\n\n\n<p><\/p>\n<\/div>\n<\/div>\n\n\n<div id=\"postslider-block_607555133c016\" class=\"slide-container\">\n    <h2 class=\"title\">News<\/h2>\n<\/div>\n<div class=\"slide-container slider-el postslider is-style-default\" id=\"slider-\">\n    <div class=\"slide-wrap\">\n        <div class=\"horizontal-slide\">\n            <ul class=\"slide-list no-bullets\" draggable=\"true\">\n                \n                    <li data-index=\"\">\n                        <div class=\"img\" style=\"background-image:url('https:\/\/hillmann-group.de\/wp-content\/uploads\/2022\/05\/collection2_moebel.jpg')\"><\/div>\n                        <h2>Collection II &#8211; Upholstery Fabrics<\/h2>\n                                                    <date>9. May 2022<\/date>\n                                                <!-- wp:paragraph -->\n<p>After various strong collaborations over the last few years we have never forgot to think of our own brand. After long preparation, we are proud to now present your our own upholstery fabric collection &#8220;Collection II&#8221;, that introduces 9 selected fabrics in a multitude of colors.<\/p>\n<!-- \/wp:paragraph -->                    <\/li>\n\n                \n                    <li data-index=\"\">\n                        <div class=\"img\" style=\"background-image:url('https:\/\/hillmann-group.de\/wp-content\/uploads\/2021\/06\/IMG_20210628_175943-scaled.jpg')\"><\/div>\n                        <h2>Junior Master Course 2021<\/h2>\n                                                    <date>30. June 2021<\/date>\n                                                <!-- wp:paragraph -->\n<p>For 5 years now we have been organising training courses about leather in cooperation with the Handwerkskammer Dresden. The current situation couldn&#8217;t stop this partnership either, so this year the course for prospective master craftsmen and women was held online to guarantee maximum safety for all participants. <\/p>\n<!-- \/wp:paragraph -->                    <\/li>\n\n                \n                    <li data-index=\"\">\n                        <div class=\"img\" style=\"background-image:url('https:\/\/hillmann-group.de\/wp-content\/uploads\/2021\/04\/BL-Titel-final.jpg')\"><\/div>\n                        <h2>New Website<\/h2>\n                                                    <date>29. April 2021<\/date>\n                                                <!-- wp:paragraph -->\n<p>We are proud to present you our new website today. Since last year, we have been working tirelessly on digitalizing all of our samples and are happy to finally be able to show you the result of months of hard work. Our entire collection is now available for you to browse online, be it finest leather, felts, design cowhides or outdoor fabrics.<\/p>\n<!-- \/wp:paragraph -->                    <\/li>\n\n                \n                    <li data-index=\"\">\n                        <div class=\"img\" style=\"background-image:url('https:\/\/hillmann-group.de\/wp-content\/uploads\/2021\/04\/BahiaOdyssey_Ikebana_sunbrella.jpg')\"><\/div>\n                        <h2>hillmann. sunbrella<\/h2>\n                                                    <date>23. April 2021<\/date>\n                                                <!-- wp:paragraph -->\n<p>Following our collections of f\u00e9line felt and the vegan fabric Pi\u00f1atex, we want to introduce you to our newest cooperation in the outdoor fabrics sector. Together with the sunbrella brand, we present your our collection of fabrics that are made for summer: couches, cushions, cutrains, sunbeds, we have the fitting outdoor fabric for each of your projects.<\/p>\n<!-- \/wp:paragraph -->                    <\/li>\n\n                \n                    <li data-index=\"\">\n                        <div class=\"img\" style=\"background-image:url('https:\/\/hillmann-group.de\/wp-content\/uploads\/2021\/03\/pet-filz-1.jpg')\"><\/div>\n                        <h2>hillmann. FUTURE MATERIALS<\/h2>\n                                                    <date>3. May 2021<\/date>\n                                                <!-- wp:paragraph -->\n<p>A look into the future: even in times of crisis, we continue to work hard to keep presenting you new products. This summer we will be able to share our newest collection with you: hillmann. FUTURE MATERIALS.<\/p>\n<!-- \/wp:paragraph -->                    <\/li>\n\n                \n                    <li data-index=\"\">\n                        <div class=\"img\" style=\"background-image:url('https:\/\/hillmann-group.de\/wp-content\/uploads\/2021\/03\/Pinatex-1.jpg')\"><\/div>\n                        <h2>hillmann. Pi\u00f1atex.<\/h2>\n                                                    <date>3. May 2021<\/date>\n                                                <!-- wp:paragraph -->\n<p>We are happy to present you our new cooperation with Ananas Anam: hillmann. Pi\u00f1atex.\u00a0As a vegan, non-woven fabric, Pi\u00f1atex has a wide variety of uses. It offers a unique look each individual project it is used in, no matter if upholstery, accessoires or clothing, and impresses customers with its evironment-friendly production.\u00a0<\/p>\n<!-- \/wp:paragraph -->                    <\/li>\n\n                            <\/ul>\n        <\/div>\n    <\/div>\n<\/div>\n<div class=\"slide-container\">\n    <form class=\"rangeSlider\">\n        <input value=\"0\" class=\"scroll-range\" type=\"range\" \/>\n    <\/form>\n<\/div>\n\n\n<div class=\"wp-block-cover alignfull is-style-product-archive-half-hero\"><span aria-hidden=\"true\" class=\"has-background-dim-20 wp-block-cover__gradient-background has-background-dim\"><\/span><img decoding=\"async\" class=\"wp-block-cover__image-background wp-image-608\" alt=\"\" src=\"https:\/\/hillmann-group.de\/wp-content\/uploads\/2021\/02\/Mo\u0308belleder.jpg\" style=\"object-position:50% 80%\" data-object-fit=\"cover\" data-object-position=\"50% 80%\"\/><div class=\"wp-block-cover__inner-container is-layout-flow wp-block-cover-is-layout-flow\">\n<h2 class=\"has-text-align-center wp-block-heading\" id=\"block-2bd094cc-d079-4094-b584-ea5b3e2d6f9f\"><em>&#8220;We have never rested on the status quo, nor do we intend to.<br>Only those who are ready to walk new paths stay successful.&#8221;<\/em><\/h2>\n<\/div><\/div>\n\n\n\n<div class=\"wp-block-columns is-layout-flex wp-container-core-columns-is-layout-9d6595d7 wp-block-columns-is-layout-flex\">\n<div class=\"wp-block-column is-layout-flow wp-block-column-is-layout-flow\">\n<h2 class=\"has-text-align-center wp-block-heading\">Quality is no coincidence. It&#8217;s the result of hard work.<\/h2>\n\n\n\n<p class=\"has-text-align-center\">hillmann. leathers are produced from selected, high-quality German and European rawhides, for which we only use the latest tanning processes and coloring methods. To protect our environment, many of our leathers are produced in tanneries that have been awarded with the German eco-label \u201cBlauer Engel\u201d (blue angel). Our close connection with selected tanneries allows us to create special articles and colorings that can be tailored exactly to our customer\u2019s needs.<\/p>\n\n\n\n<p class=\"has-text-align-center\">Our love for the small details shines through in all our products and makes them unique. We are able to create articles with a unique shape and color, such as design cowhides, but also produce standardized, highly functional industrial products such as our car leathers.<\/p>\n\n\n\n<p class=\"has-text-align-center\">For our fabrics, we only purchase from cutting-edge weaning mills in Germany and the EU. This allows us to process finest yarn of the highest quality. Through this combination of premium properties and high aesthetics, we can meet demands for both visual attractiveness and best functionality.<\/p>\n\n\n\n<p class=\"has-text-align-center\">Also incorporated into our product lineup are care products that have to meet highest criteria and have been created solely for use on hillmann. products. This allows us to guarantee the long lifespan of our products.<\/p>\n\n\n\n<div style=\"height:30px\" aria-hidden=\"true\" class=\"wp-block-spacer\"><\/div>\n\n\n\n<p><\/p>\n<\/div>\n<\/div>\n\n\n\n<div class=\"wp-block-columns is-layout-flex wp-container-core-columns-is-layout-9d6595d7 wp-block-columns-is-layout-flex\">\n<div class=\"wp-block-column is-layout-flow wp-block-column-is-layout-flow\">\n<figure class=\"wp-block-image size-large\"><img loading=\"lazy\" decoding=\"async\" width=\"767\" height=\"575\" src=\"https:\/\/hillmann-group.de\/wp-content\/uploads\/2021\/03\/Performance_Titel_final.jpg\" alt=\"\" class=\"wp-image-1884\" srcset=\"https:\/\/hillmann-group.de\/wp-content\/uploads\/2021\/03\/Performance_Titel_final.jpg 767w, https:\/\/hillmann-group.de\/wp-content\/uploads\/2021\/03\/Performance_Titel_final-600x450.jpg 600w, https:\/\/hillmann-group.de\/wp-content\/uploads\/2021\/03\/Performance_Titel_final-300x225.jpg 300w\" sizes=\"auto, (max-width: 767px) 100vw, 767px\" \/><figcaption>Pi\u00f1atex<\/figcaption><\/figure>\n<\/div>\n\n\n\n<div class=\"wp-block-column is-layout-flow wp-block-column-is-layout-flow\">\n<figure class=\"wp-block-image size-large\"><img loading=\"lazy\" decoding=\"async\" width=\"767\" height=\"575\" src=\"https:\/\/hillmann-group.de\/wp-content\/uploads\/2021\/02\/Fresco_45_mm_Titel.jpg\" alt=\"\" class=\"wp-image-502\" srcset=\"https:\/\/hillmann-group.de\/wp-content\/uploads\/2021\/02\/Fresco_45_mm_Titel.jpg 767w, https:\/\/hillmann-group.de\/wp-content\/uploads\/2021\/02\/Fresco_45_mm_Titel-600x450.jpg 600w, https:\/\/hillmann-group.de\/wp-content\/uploads\/2021\/02\/Fresco_45_mm_Titel-300x225.jpg 300w\" sizes=\"auto, (max-width: 767px) 100vw, 767px\" \/><figcaption>f\u00e9line Filz<\/figcaption><\/figure>\n<\/div>\n<\/div>\n\n\n\n<div class=\"wp-block-columns is-layout-flex wp-container-core-columns-is-layout-9d6595d7 wp-block-columns-is-layout-flex\">\n<div class=\"wp-block-column is-layout-flow wp-block-column-is-layout-flow\">\n<h2 class=\"has-text-align-center wp-block-heading\">The best of two brands. Cooperation joins forces.<\/h2>\n\n\n\n<p class=\"has-text-align-center\">Since 2019, hillmann. has been concentrating on forging partnerships with strong brands both in Germany and abroad to complement our products lineup. Our focus lies with \u201cfuture materials\u201d, such materials that invest in the future and give positive impulses for our environment by being especially sustainable.<\/p>\n\n\n\n<h3 class=\"has-text-align-center wp-block-heading\">Pi\u00f1atex and Felt<\/h3>\n\n\n\n<p class=\"has-text-align-center\">Our first cooperation began with the collection <strong>hillmann. x Pi\u00f1atex<\/strong>. As a vegan fabric, Pi\u00f1atex can be used in almost the same sectors as leather and therefore has opened our product lineup to customers who prefer plant-based materials over animal-based ones.<\/p>\n\n\n\n<p class=\"has-text-align-center\">Sustainability continues to be our main focus for the future. With feline, we found a partner who embraces this topic: <strong>f\u00e9line<\/strong> felts are produced without the use of water that is usually used in the felting process and thus protects our natural resources. Furthermore, we are delighted to be able to present your felts made entirely from recycled plastic bottles as a part of our collection.<\/p>\n\n\n\n<p class=\"has-text-align-center\">You can expect more exceptional hillmann. products in the future. We will continue to walk the path that others have not treated on yet.<\/p>\n<\/div>\n<\/div>\n\n\n<div id=\"postslider-block_6074408dabb40\" class=\"slide-container\">\n    <h2 class=\"title\">Our History<\/h2>\n<\/div>\n<div class=\"slide-container slider-el postslider is-style-wider\" id=\"slider-\">\n    <div class=\"slide-wrap\">\n        <div class=\"horizontal-slide\">\n            <ul class=\"slide-list no-bullets\" draggable=\"true\">\n                \n                    <li data-index=\"\">\n                        <div class=\"img\" style=\"background-image:url('https:\/\/hillmann-group.de\/wp-content\/uploads\/2021\/04\/waldemar-hillmann-1947.jpeg')\"><\/div>\n                        <h2>1947 \u2190<\/h2>\n                                                <!-- wp:paragraph -->\n<p>In 1947, Waldemar Hillmann founded a wholesale business for shoe upper leather, lining leather, clothing leather, furniture leather, car leather and leather goods as a registered company. The rented premises at that time were located in the M\u00fchlstra\u00dfe in Karlsruhe-Gr\u00f6tzingen.<\/p>\n<!-- \/wp:paragraph -->                    <\/li>\n\n                \n                    <li data-index=\"\">\n                        <div class=\"img\" style=\"background-image:url('https:\/\/hillmann-group.de\/wp-content\/uploads\/2021\/04\/lager_1960.jpeg')\"><\/div>\n                        <h2>1960 \u2190<\/h2>\n                                                <!-- wp:paragraph -->\n<p>In 1960, the company decided to specialize in clothing leather, furniture leather and car leather.<\/p>\n<!-- \/wp:paragraph -->                    <\/li>\n\n                \n                    <li data-index=\"\">\n                        <div class=\"img\" style=\"background-image:url('https:\/\/hillmann-group.de\/wp-content\/uploads\/2021\/04\/muehlstrasse_1967.jpeg')\"><\/div>\n                        <h2>1967 \u2190<\/h2>\n                                                <!-- wp:paragraph -->\n<p>In 1967, the premises in the M\u00fchlstra\u00dfe were no longer adequate and the first company building was erected in the Kampmannstra\u00dfe in Karlsruhe-Gr\u00f6tzingen.<\/p>\n<!-- \/wp:paragraph -->                    <\/li>\n\n                \n                    <li data-index=\"\">\n                        <div class=\"img\" style=\"background-image:url('https:\/\/hillmann-group.de\/wp-content\/uploads\/2021\/04\/1980.jpg')\"><\/div>\n                        <h2>1980 \u2190<\/h2>\n                                                <!-- wp:paragraph -->\n<p>In 1980, Joachim Hillmann joins the company and realigns the company&#8217;s course.<\/p>\n<!-- \/wp:paragraph -->                    <\/li>\n\n                \n                    <li data-index=\"\">\n                        <div class=\"img\" style=\"background-image:url('https:\/\/hillmann-group.de\/wp-content\/uploads\/2021\/04\/augustenburgstrasse_1995.jpeg')\"><\/div>\n                        <h2>1995 \u2190<\/h2>\n                                                <!-- wp:paragraph -->\n<p>In 1995, the company, now operating under the name of leder-hillmann OHG, expanded further and moved into its current premises at Augustenburgstra\u00dfe 100 in Karlsruhe-Gr\u00f6tzingen. From then on, there was a clear focus on the areas of furniture and car leather.<\/p>\n<!-- \/wp:paragraph -->                    <\/li>\n\n                \n                    <li data-index=\"\">\n                        <div class=\"img\" style=\"background-image:url('https:\/\/hillmann-group.de\/wp-content\/uploads\/2021\/04\/maximilian_hillmann_2014.jpeg')\"><\/div>\n                        <h2>2014 \u2190<\/h2>\n                                                <!-- wp:paragraph -->\n<p>In 2014 Maximilian Hillmann joins the company in the 3rd generation of the family.<\/p>\n<!-- \/wp:paragraph -->                    <\/li>\n\n                \n                    <li data-index=\"\">\n                        <div class=\"img\" style=\"background-image:url('https:\/\/hillmann-group.de\/wp-content\/uploads\/2021\/04\/internationalisierung_2015.jpeg')\"><\/div>\n                        <h2>2015 \u2190<\/h2>\n                                                <!-- wp:paragraph -->\n<p>2015 the company starts an offense towards globalization. Six news markets are thus opened and now being managed by representatives.<\/p>\n<!-- \/wp:paragraph -->                    <\/li>\n\n                            <\/ul>\n        <\/div>\n    <\/div>\n<\/div>\n<div class=\"slide-container\">\n    <form class=\"rangeSlider\">\n        <input value=\"0\" class=\"scroll-range\" type=\"range\" \/>\n    <\/form>\n<\/div>\n\n\n<p><\/p>\n","protected":false},"excerpt":{"rendered":"<p>It&#8217;s more than a company.It&#8217;s an attitude. hillmann. was founded in 1947 by Waldemar Hillmann as a company selling shoe upper leather, and since then has evolved into a corporate group that includes 3 companies. Today, hillmann. is one of the leading German distributors of finest real leather and fabrics for use in furniture, flooring, [&hellip;]<\/p>\n","protected":false},"author":5,"featured_media":0,"parent":0,"menu_order":0,"comment_status":"closed","ping_status":"closed","template":"","meta":{"_acf_changed":false,"footnotes":""},"class_list":["post-8299","page","type-page","status-publish","hentry"],"acf":[],"_links":{"self":[{"href":"https:\/\/hillmann-group.de\/en\/wp-json\/wp\/v2\/pages\/8299","targetHints":{"allow":["GET"]}}],"collection":[{"href":"https:\/\/hillmann-group.de\/en\/wp-json\/wp\/v2\/pages"}],"about":[{"href":"https:\/\/hillmann-group.de\/en\/wp-json\/wp\/v2\/types\/page"}],"author":[{"embeddable":true,"href":"https:\/\/hillmann-group.de\/en\/wp-json\/wp\/v2\/users\/5"}],"replies":[{"embeddable":true,"href":"https:\/\/hillmann-group.de\/en\/wp-json\/wp\/v2\/comments?post=8299"}],"version-history":[{"count":21,"href":"https:\/\/hillmann-group.de\/en\/wp-json\/wp\/v2\/pages\/8299\/revisions"}],"predecessor-version":[{"id":10859,"href":"https:\/\/hillmann-group.de\/en\/wp-json\/wp\/v2\/pages\/8299\/revisions\/10859"}],"wp:attachment":[{"href":"https:\/\/hillmann-group.de\/en\/wp-json\/wp\/v2\/media?parent=8299"}],"curies":[{"name":"wp","href":"https:\/\/api.w.org\/{rel}","templated":true}]}}