{"id":6931,"date":"2021-05-05T12:28:10","date_gmt":"2021-05-05T10:28:10","guid":{"rendered":"https:\/\/hillmann-group.de\/?page_id=6931"},"modified":"2021-05-07T15:15:44","modified_gmt":"2021-05-07T13:15:44","slug":"retailer-web-portal","status":"publish","type":"page","link":"https:\/\/hillmann-group.de\/en\/retailer-web-portal\/","title":{"rendered":"Retailer Web Portal"},"content":{"rendered":"\n<div class=\"wp-block-cover alignfull has-background-dim-30 has-background-dim is-style-product-archive-half-hero\"><img loading=\"lazy\" decoding=\"async\" width=\"1440\" height=\"958\" class=\"wp-block-cover__image-background wp-image-1920\" alt=\"\" src=\"https:\/\/hillmann-group.de\/wp-content\/uploads\/2021\/03\/fachkreisportal.jpg\" style=\"object-position:51% 48%\" data-object-fit=\"cover\" data-object-position=\"51% 48%\" srcset=\"https:\/\/hillmann-group.de\/wp-content\/uploads\/2021\/03\/fachkreisportal.jpg 1440w, https:\/\/hillmann-group.de\/wp-content\/uploads\/2021\/03\/fachkreisportal-600x399.jpg 600w, https:\/\/hillmann-group.de\/wp-content\/uploads\/2021\/03\/fachkreisportal-300x200.jpg 300w, https:\/\/hillmann-group.de\/wp-content\/uploads\/2021\/03\/fachkreisportal-1024x681.jpg 1024w, https:\/\/hillmann-group.de\/wp-content\/uploads\/2021\/03\/fachkreisportal-768x511.jpg 768w\" sizes=\"auto, (max-width: 1440px) 100vw, 1440px\" \/><div class=\"wp-block-cover__inner-container is-layout-flow wp-block-cover-is-layout-flow\">\n<h1 class=\"has-text-align-center wp-block-heading\">RETAILER WEB PORTAL<\/h1>\n<\/div><\/div>\n\n\n\n<div class=\"wp-block-columns is-layout-flex wp-container-core-columns-is-layout-9d6595d7 wp-block-columns-is-layout-flex\">\n<div class=\"wp-block-column is-layout-flow wp-block-column-is-layout-flow\">\n<p class=\"has-text-align-center\">Here, our retailers and business partners get access to our hillmann. Academy, further download options and much more. <br>Please note that this is a service for our business partners only. We will happily give personal advice to private customers.<\/p>\n\n\n\n<div class=\"wp-block-columns is-layout-flex wp-container-core-columns-is-layout-9d6595d7 wp-block-columns-is-layout-flex\">\n<div class=\"wp-block-column is-layout-flow wp-block-column-is-layout-flow\"><\/div>\n<\/div>\n\n\n\n<div class=\"wp-block-columns is-layout-flex wp-container-core-columns-is-layout-9d6595d7 wp-block-columns-is-layout-flex\">\n<div class=\"wp-block-column is-layout-flow wp-block-column-is-layout-flow\" style=\"flex-basis:25%\"><\/div>\n\n\n\n<div class=\"wp-block-column is-layout-flow wp-block-column-is-layout-flow\" style=\"flex-basis:50%\"><form\n                class=\"ew-form-wrapper\"\n                action=\"https:\/\/hillmann-group.de\/wp-admin\/admin-ajax.php\"\n                method=\"post\"\n                enctype=\"multipart\/form-data\"\n                data-error-msg=\"Es ist ein Fehler aufgetreten. Versuchen Sie es bitte noch einmal.\"\n                data-size-exceeded-msg=\"Die ausgew\u00e4hlte Datei \u00fcberschreitet die maximal erlaubte Dateigr\u00f6\u00dfe.\"\n                \n            >\n                <input type=\"hidden\" name=\"action\" value=\"ew_form_submit\">\n                <input type=\"hidden\" name=\"postId\" value=\"6931\">\n                <input type=\"hidden\" name=\"formId\" value=\"51d99794-81c9-40fd-b178-8247a01ae8ec\">\n                <div class=\"eyeCookie-placeholder\">\n\t\t\t\t\t\t\t\t\t\t\t<h3>Zustimmung erforderlich<\/h3>\n\t\t\t\t\t\t\t\t\t\t\t<p>An dieser Stellen verwenden wir Dienste von Drittanbiertern, um z.B. interaktive Karten oder CAPTCHA f\u00fcr Formulare einzubinden. Erlauben Sie bitte die Verwendung von <em>Drittanbierter-Diensten<\/em> in unseren <a href=\"#\" class=\"open-eyeCookie\" >Cookie-Einstellungen<\/a>, um dieses Element zu sehen.<\/p>\n\t\t\t\t\t\t\t\t\t\t<\/div>\n            <\/form><\/div>\n\n\n\n<div class=\"wp-block-column is-layout-flow wp-block-column-is-layout-flow\" style=\"flex-basis:25%\"><\/div>\n<\/div>\n<\/div>\n<\/div>\n\n\n\n<p><\/p>\n","protected":false},"excerpt":{"rendered":"<p>Here, our retailers and business partners get access to our hillmann. Academy, further download options and much more. Please note that this is a service for our business partners only. We will happily give personal advice to private customers.<\/p>\n","protected":false},"author":5,"featured_media":0,"parent":0,"menu_order":0,"comment_status":"closed","ping_status":"closed","template":"","meta":{"_acf_changed":false,"footnotes":""},"class_list":["post-6931","page","type-page","status-publish","hentry"],"acf":[],"_links":{"self":[{"href":"https:\/\/hillmann-group.de\/en\/wp-json\/wp\/v2\/pages\/6931","targetHints":{"allow":["GET"]}}],"collection":[{"href":"https:\/\/hillmann-group.de\/en\/wp-json\/wp\/v2\/pages"}],"about":[{"href":"https:\/\/hillmann-group.de\/en\/wp-json\/wp\/v2\/types\/page"}],"author":[{"embeddable":true,"href":"https:\/\/hillmann-group.de\/en\/wp-json\/wp\/v2\/users\/5"}],"replies":[{"embeddable":true,"href":"https:\/\/hillmann-group.de\/en\/wp-json\/wp\/v2\/comments?post=6931"}],"version-history":[{"count":1,"href":"https:\/\/hillmann-group.de\/en\/wp-json\/wp\/v2\/pages\/6931\/revisions"}],"predecessor-version":[{"id":6932,"href":"https:\/\/hillmann-group.de\/en\/wp-json\/wp\/v2\/pages\/6931\/revisions\/6932"}],"wp:attachment":[{"href":"https:\/\/hillmann-group.de\/en\/wp-json\/wp\/v2\/media?parent=6931"}],"curies":[{"name":"wp","href":"https:\/\/api.w.org\/{rel}","templated":true}]}}